{"id":1732,"date":"2025-06-11T09:09:20","date_gmt":"2025-06-11T13:09:20","guid":{"rendered":"https:\/\/course.yourrootsinpoland.com\/my-account\/"},"modified":"2025-09-02T14:57:04","modified_gmt":"2025-09-02T18:57:04","slug":"my-account","status":"publish","type":"page","link":"https:\/\/course.yourrootsinpoland.com\/ru\/my-account\/","title":{"rendered":"\u041c\u043e\u0439 \u0441\u0447\u0435\u0442"},"content":{"rendered":"<div data-elementor-type=\"wp-page\" data-elementor-id=\"1732\" class=\"elementor elementor-1732\" data-elementor-post-type=\"page\">\n\t\t\t\t<div class=\"elementor-element elementor-element-b0262d3 e-con-full e-flex e-con e-parent\" data-id=\"b0262d3\" data-element_type=\"container\" data-settings=\"{&quot;background_background&quot;:&quot;classic&quot;}\">\n\t\t<div class=\"elementor-element elementor-element-85601ec e-flex e-con-boxed e-con e-child\" data-id=\"85601ec\" data-element_type=\"container\" data-settings=\"{&quot;background_background&quot;:&quot;classic&quot;}\">\n\t\t\t\t\t<div class=\"e-con-inner\">\n\t\t\t\t<div class=\"elementor-element elementor-element-836a2f6 elementor-widget__width-initial elementor-widget elementor-widget-image\" data-id=\"836a2f6\" data-element_type=\"widget\" data-widget_type=\"image.default\">\n\t\t\t\t<div class=\"elementor-widget-container\">\n\t\t\t\t\t\t\t\t\t\t\t\t\t\t\t\t<a href=\"https:\/\/course.yourrootsinpoland.com\/ru\/\">\n\t\t\t\t\t\t\t<img fetchpriority=\"high\" decoding=\"async\" width=\"464\" height=\"177\" src=\"https:\/\/course.yourrootsinpoland.com\/wp-content\/uploads\/2025\/04\/yrip-logo_black-e1736848454952.png\" class=\"attachment-full size-full wp-image-17\" alt=\"\" srcset=\"https:\/\/course.yourrootsinpoland.com\/wp-content\/uploads\/2025\/04\/yrip-logo_black-e1736848454952.png 464w, https:\/\/course.yourrootsinpoland.com\/wp-content\/uploads\/2025\/04\/yrip-logo_black-e1736848454952-300x114.png 300w\" sizes=\"(max-width: 464px) 100vw, 464px\" \/>\t\t\t\t\t\t\t\t<\/a>\n\t\t\t\t\t\t\t\t\t\t\t\t\t\t\t<\/div>\n\t\t\t\t<\/div>\n\t\t\t\t<div class=\"elementor-element elementor-element-68f39ad elementor-widget-mobile__width-initial elementor-nav-menu--dropdown-none elementor-widget elementor-widget-nav-menu\" data-id=\"68f39ad\" data-element_type=\"widget\" data-settings=\"{&quot;layout&quot;:&quot;horizontal&quot;,&quot;submenu_icon&quot;:{&quot;value&quot;:&quot;&lt;svg aria-hidden=\\&quot;true\\&quot; class=\\&quot;e-font-icon-svg e-fas-caret-down\\&quot; viewBox=\\&quot;0 0 320 512\\&quot; xmlns=\\&quot;http:\\\/\\\/www.w3.org\\\/2000\\\/svg\\&quot;&gt;&lt;path d=\\&quot;M31.3 192h257.3c17.8 0 26.7 21.5 14.1 34.1L174.1 354.8c-7.8 7.8-20.5 7.8-28.3 0L17.2 226.1C4.6 213.5 13.5 192 31.3 192z\\&quot;&gt;&lt;\\\/path&gt;&lt;\\\/svg&gt;&quot;,&quot;library&quot;:&quot;fa-solid&quot;}}\" data-widget_type=\"nav-menu.default\">\n\t\t\t\t<div class=\"elementor-widget-container\">\n\t\t\t\t\t\t\t\t<nav aria-label=\"\u041c\u0435\u043d\u044e\" class=\"elementor-nav-menu--main elementor-nav-menu__container elementor-nav-menu--layout-horizontal e--pointer-underline e--animation-fade\">\n\t\t\t\t<ul id=\"menu-1-68f39ad\" class=\"elementor-nav-menu\"><li class=\"trp-language-switcher-container menu-item menu-item-type-post_type menu-item-object-language_switcher menu-item-has-children current-language-menu-item menu-item-3535\"><a href=\"https:\/\/course.yourrootsinpoland.com\/ru\/wp-json\/wp\/v2\/pages\/1732\" class=\"elementor-item elementor-item-anchor\"><span data-no-translation><img decoding=\"async\" class=\"trp-flag-image\" src=\"https:\/\/course.yourrootsinpoland.com\/wp-content\/plugins\/translatepress-multilingual\/assets\/images\/flags\/ru_RU.png\" width=\"18\" height=\"12\" alt=\"ru_RU\" title=\"Russian\"><\/span><\/a>\n<ul class=\"sub-menu elementor-nav-menu--dropdown\">\n\t<li class=\"trp-language-switcher-container menu-item menu-item-type-post_type menu-item-object-language_switcher current-language-menu-item menu-item-3537\"><a href=\"https:\/\/course.yourrootsinpoland.com\/ru\/wp-json\/wp\/v2\/pages\/1732\" class=\"elementor-sub-item elementor-item-anchor\"><span data-no-translation><img decoding=\"async\" class=\"trp-flag-image\" src=\"https:\/\/course.yourrootsinpoland.com\/wp-content\/plugins\/translatepress-multilingual\/assets\/images\/flags\/pl_PL.png\" width=\"18\" height=\"12\" alt=\"pl_PL\" title=\"Polish\"><\/span><\/a><\/li>\n\t<li class=\"trp-language-switcher-container menu-item menu-item-type-post_type menu-item-object-language_switcher current-language-menu-item menu-item-3536\"><a href=\"https:\/\/course.yourrootsinpoland.com\/ru\/wp-json\/wp\/v2\/pages\/1732\" class=\"elementor-sub-item elementor-item-anchor\"><span data-no-translation><img loading=\"lazy\" decoding=\"async\" class=\"trp-flag-image\" src=\"https:\/\/course.yourrootsinpoland.com\/wp-content\/plugins\/translatepress-multilingual\/assets\/images\/flags\/en_US.png\" width=\"18\" height=\"12\" alt=\"en_US\" title=\"English\"><\/span><\/a><\/li>\n\t<li class=\"trp-language-switcher-container menu-item menu-item-type-post_type menu-item-object-language_switcher current-language-menu-item menu-item-3534\"><a href=\"https:\/\/course.yourrootsinpoland.com\/ru\/wp-json\/wp\/v2\/pages\/1732\" class=\"elementor-sub-item elementor-item-anchor\"><span data-no-translation><img loading=\"lazy\" decoding=\"async\" class=\"trp-flag-image\" src=\"https:\/\/course.yourrootsinpoland.com\/wp-content\/plugins\/translatepress-multilingual\/assets\/images\/flags\/uk.png\" width=\"18\" height=\"12\" alt=\"uk\" title=\"Ukrainian\"><\/span><\/a><\/li>\n<\/ul>\n<\/li>\n<\/ul>\t\t\t<\/nav>\n\t\t\t\t\t\t<nav class=\"elementor-nav-menu--dropdown elementor-nav-menu__container\" aria-hidden=\"true\">\n\t\t\t\t<ul id=\"menu-2-68f39ad\" class=\"elementor-nav-menu\"><li class=\"trp-language-switcher-container menu-item menu-item-type-post_type menu-item-object-language_switcher menu-item-has-children current-language-menu-item menu-item-3535\"><a href=\"https:\/\/course.yourrootsinpoland.com\/ru\/wp-json\/wp\/v2\/pages\/1732\" class=\"elementor-item elementor-item-anchor\" tabindex=\"-1\"><span data-no-translation><img decoding=\"async\" class=\"trp-flag-image\" src=\"https:\/\/course.yourrootsinpoland.com\/wp-content\/plugins\/translatepress-multilingual\/assets\/images\/flags\/ru_RU.png\" width=\"18\" height=\"12\" alt=\"ru_RU\" title=\"Russian\"><\/span><\/a>\n<ul class=\"sub-menu elementor-nav-menu--dropdown\">\n\t<li class=\"trp-language-switcher-container menu-item menu-item-type-post_type menu-item-object-language_switcher current-language-menu-item menu-item-3537\"><a href=\"https:\/\/course.yourrootsinpoland.com\/ru\/wp-json\/wp\/v2\/pages\/1732\" class=\"elementor-sub-item elementor-item-anchor\" tabindex=\"-1\"><span data-no-translation><img decoding=\"async\" class=\"trp-flag-image\" src=\"https:\/\/course.yourrootsinpoland.com\/wp-content\/plugins\/translatepress-multilingual\/assets\/images\/flags\/pl_PL.png\" width=\"18\" height=\"12\" alt=\"pl_PL\" title=\"Polish\"><\/span><\/a><\/li>\n\t<li class=\"trp-language-switcher-container menu-item menu-item-type-post_type menu-item-object-language_switcher current-language-menu-item menu-item-3536\"><a href=\"https:\/\/course.yourrootsinpoland.com\/ru\/wp-json\/wp\/v2\/pages\/1732\" class=\"elementor-sub-item elementor-item-anchor\" tabindex=\"-1\"><span data-no-translation><img loading=\"lazy\" decoding=\"async\" class=\"trp-flag-image\" src=\"https:\/\/course.yourrootsinpoland.com\/wp-content\/plugins\/translatepress-multilingual\/assets\/images\/flags\/en_US.png\" width=\"18\" height=\"12\" alt=\"en_US\" title=\"English\"><\/span><\/a><\/li>\n\t<li class=\"trp-language-switcher-container menu-item menu-item-type-post_type menu-item-object-language_switcher current-language-menu-item menu-item-3534\"><a href=\"https:\/\/course.yourrootsinpoland.com\/ru\/wp-json\/wp\/v2\/pages\/1732\" class=\"elementor-sub-item elementor-item-anchor\" tabindex=\"-1\"><span data-no-translation><img loading=\"lazy\" decoding=\"async\" class=\"trp-flag-image\" src=\"https:\/\/course.yourrootsinpoland.com\/wp-content\/plugins\/translatepress-multilingual\/assets\/images\/flags\/uk.png\" width=\"18\" height=\"12\" alt=\"uk\" title=\"Ukrainian\"><\/span><\/a><\/li>\n<\/ul>\n<\/li>\n<\/ul>\t\t\t<\/nav>\n\t\t\t\t\t\t<\/div>\n\t\t\t\t<\/div>\n\t\t\t\t\t<\/div>\n\t\t\t\t<\/div>\n\t\t<div class=\"elementor-element elementor-element-b93484a e-con-full e-flex e-con e-child\" data-id=\"b93484a\" data-element_type=\"container\">\n\t\t\t\t<div class=\"elementor-element elementor-element-1a00770 elementor-widget elementor-widget-heading\" data-id=\"1a00770\" data-element_type=\"widget\" id=\"out\" data-widget_type=\"heading.default\">\n\t\t\t\t<div class=\"elementor-widget-container\">\n\t\t\t\t\t<h2 class=\"elementor-heading-title elementor-size-default\"> \u0417\u0430\u0431\u044b\u043b\u0438 \u043f\u0430\u0440\u043e\u043b\u044c?<\/h2>\t\t\t\t<\/div>\n\t\t\t\t<\/div>\n\t\t<div class=\"elementor-element elementor-element-49f73ee e-con-full e-flex e-con e-child\" data-id=\"49f73ee\" data-element_type=\"container\" id=\"out\" data-settings=\"{&quot;background_background&quot;:&quot;classic&quot;}\">\n\t\t\t\t<div class=\"elementor-element elementor-element-e39fa92 elementor-widget elementor-widget-text-editor\" data-id=\"e39fa92\" data-element_type=\"widget\" data-widget_type=\"text-editor.default\">\n\t\t\t\t<div class=\"elementor-widget-container\">\n\t\t\t\t\t\t\t\t\t<p>\u0435 \u0432\u043e\u043b\u043d\u0443\u0439\u0442\u0435\u0441\u044c \u2014 \u0442\u0430\u043a\u043e\u0435 \u0441\u043b\u0443\u0447\u0430\u0435\u0442\u0441\u044f \u0441 \u043a\u0430\u0436\u0434\u044b\u043c!<br \/>\u0412\u0432\u0435\u0434\u0438\u0442\u0435 \u0432\u0430\u0448\u0435 \u0438\u043c\u044f \u043f\u043e\u043b\u044c\u0437\u043e\u0432\u0430\u0442\u0435\u043b\u044f \u0438\u043b\u0438 \u0430\u0434\u0440\u0435\u0441 \u044d\u043b\u0435\u043a\u0442\u0440\u043e\u043d\u043d\u043e\u0439 \u043f\u043e\u0447\u0442\u044b,<br \/>\u0438 \u043c\u044b \u043e\u0442\u043f\u0440\u0430\u0432\u0438\u043c \u0432\u0430\u043c \u0441\u043e\u043e\u0431\u0449\u0435\u043d\u0438\u0435 \u0441\u043e \u0441\u0441\u044b\u043b\u043a\u043e\u0439 \u0434\u043b\u044f \u0443\u0441\u0442\u0430\u043d\u043e\u0432\u043a\u0438 \u043d\u043e\u0432\u043e\u0433\u043e \u043f\u0430\u0440\u043e\u043b\u044f.<\/p>\n<p><div class=\"woocommerce\"><\/div><\/p>\n\t\t\t\t\t\t\t\t<\/div>\n\t\t\t\t<\/div>\n\t\t\t\t<\/div>\n\t\t\t\t<\/div>\n\t\t\t\t<\/div>\n\t\t\t\t<\/div>","protected":false},"excerpt":{"rendered":"<p>\u0417\u0430\u0431\u044b\u043b\u0438 \u043f\u0430\u0440\u043e\u043b\u044c?<\/p>","protected":false},"author":1,"featured_media":0,"parent":0,"menu_order":0,"comment_status":"closed","ping_status":"closed","template":"elementor_header_footer","meta":{"_acf_changed":false,"_kad_post_transparent":"","_kad_post_title":"","_kad_post_layout":"","_kad_post_sidebar_id":"","_kad_post_content_style":"","_kad_post_vertical_padding":"","_kad_post_feature":"","_kad_post_feature_position":"","_kad_post_header":false,"_kad_post_footer":false,"footnotes":""},"class_list":["post-1732","page","type-page","status-publish","hentry"],"acf":[],"yoast_head":"<!-- This site is optimized with the Yoast SEO plugin v26.6 - https:\/\/yoast.com\/wordpress\/plugins\/seo\/ -->\n<title>Moje konto - Kurs Karta Polaka<\/title>\n<meta name=\"robots\" content=\"index, follow, max-snippet:-1, max-image-preview:large, max-video-preview:-1\" \/>\n<link rel=\"canonical\" href=\"https:\/\/course.yourrootsinpoland.com\/ru\/my-account\/\" \/>\n<meta property=\"og:locale\" content=\"ru_RU\" \/>\n<meta property=\"og:type\" content=\"article\" \/>\n<meta property=\"og:title\" content=\"Moje konto - Kurs Karta Polaka\" \/>\n<meta property=\"og:description\" content=\"Zapomnia\u0142e\u015b has\u0142a?\" \/>\n<meta property=\"og:url\" content=\"https:\/\/course.yourrootsinpoland.com\/ru\/my-account\/\" \/>\n<meta property=\"og:site_name\" content=\"Kurs Karta Polaka\" \/>\n<meta property=\"article:modified_time\" content=\"2025-09-02T18:57:04+00:00\" \/>\n<meta property=\"og:image\" content=\"https:\/\/course.yourrootsinpoland.com\/wp-content\/uploads\/2025\/04\/yrip-logo_black-e1736848454952.png\" \/>\n<meta name=\"twitter:card\" content=\"summary_large_image\" \/>\n<script type=\"application\/ld+json\" class=\"yoast-schema-graph\">{\"@context\":\"https:\/\/schema.org\",\"@graph\":[{\"@type\":\"WebPage\",\"@id\":\"https:\/\/course.yourrootsinpoland.com\/my-account\/\",\"url\":\"https:\/\/course.yourrootsinpoland.com\/my-account\/\",\"name\":\"Moje konto - Kurs Karta Polaka\",\"isPartOf\":{\"@id\":\"https:\/\/course.yourrootsinpoland.com\/#website\"},\"primaryImageOfPage\":{\"@id\":\"https:\/\/course.yourrootsinpoland.com\/my-account\/#primaryimage\"},\"image\":{\"@id\":\"https:\/\/course.yourrootsinpoland.com\/my-account\/#primaryimage\"},\"thumbnailUrl\":\"https:\/\/course.yourrootsinpoland.com\/wp-content\/uploads\/2025\/04\/yrip-logo_black-e1736848454952.png\",\"datePublished\":\"2025-06-11T13:09:20+00:00\",\"dateModified\":\"2025-09-02T18:57:04+00:00\",\"breadcrumb\":{\"@id\":\"https:\/\/course.yourrootsinpoland.com\/my-account\/#breadcrumb\"},\"inLanguage\":\"ru-RU\",\"potentialAction\":[{\"@type\":\"ReadAction\",\"target\":[\"https:\/\/course.yourrootsinpoland.com\/my-account\/\"]}]},{\"@type\":\"ImageObject\",\"inLanguage\":\"ru-RU\",\"@id\":\"https:\/\/course.yourrootsinpoland.com\/my-account\/#primaryimage\",\"url\":\"https:\/\/course.yourrootsinpoland.com\/wp-content\/uploads\/2025\/04\/yrip-logo_black-e1736848454952.png\",\"contentUrl\":\"https:\/\/course.yourrootsinpoland.com\/wp-content\/uploads\/2025\/04\/yrip-logo_black-e1736848454952.png\"},{\"@type\":\"BreadcrumbList\",\"@id\":\"https:\/\/course.yourrootsinpoland.com\/my-account\/#breadcrumb\",\"itemListElement\":[{\"@type\":\"ListItem\",\"position\":1,\"name\":\"Strona g\u0142\u00f3wna\",\"item\":\"https:\/\/course.yourrootsinpoland.com\/en\/zaloguj-sie\/\"},{\"@type\":\"ListItem\",\"position\":2,\"name\":\"Moje konto\"}]},{\"@type\":\"WebSite\",\"@id\":\"https:\/\/course.yourrootsinpoland.com\/#website\",\"url\":\"https:\/\/course.yourrootsinpoland.com\/\",\"name\":\"Kurs Karta Polaka\",\"description\":\"\",\"publisher\":{\"@id\":\"https:\/\/course.yourrootsinpoland.com\/#organization\"},\"potentialAction\":[{\"@type\":\"SearchAction\",\"target\":{\"@type\":\"EntryPoint\",\"urlTemplate\":\"https:\/\/course.yourrootsinpoland.com\/?s={search_term_string}\"},\"query-input\":{\"@type\":\"PropertyValueSpecification\",\"valueRequired\":true,\"valueName\":\"search_term_string\"}}],\"inLanguage\":\"ru-RU\"},{\"@type\":\"Organization\",\"@id\":\"https:\/\/course.yourrootsinpoland.com\/#organization\",\"name\":\"Kurs Karta Polaka\",\"url\":\"https:\/\/course.yourrootsinpoland.com\/\",\"logo\":{\"@type\":\"ImageObject\",\"inLanguage\":\"ru-RU\",\"@id\":\"https:\/\/course.yourrootsinpoland.com\/#\/schema\/logo\/image\/\",\"url\":\"https:\/\/course.yourrootsinpoland.com\/wp-content\/uploads\/2025\/04\/cropped-yrip-logo_black-e1736848454952.png\",\"contentUrl\":\"https:\/\/course.yourrootsinpoland.com\/wp-content\/uploads\/2025\/04\/cropped-yrip-logo_black-e1736848454952.png\",\"width\":443,\"height\":177,\"caption\":\"Kurs Karta Polaka\"},\"image\":{\"@id\":\"https:\/\/course.yourrootsinpoland.com\/#\/schema\/logo\/image\/\"}}]}<\/script>\n<!-- \/ Yoast SEO plugin. -->","yoast_head_json":{"title":"Moje konto - Kurs Karta Polaka","robots":{"index":"index","follow":"follow","max-snippet":"max-snippet:-1","max-image-preview":"max-image-preview:large","max-video-preview":"max-video-preview:-1"},"canonical":"https:\/\/course.yourrootsinpoland.com\/ru\/my-account\/","og_locale":"ru_RU","og_type":"article","og_title":"Moje konto - Kurs Karta Polaka","og_description":"Zapomnia\u0142e\u015b has\u0142a?","og_url":"https:\/\/course.yourrootsinpoland.com\/ru\/my-account\/","og_site_name":"Kurs Karta Polaka","article_modified_time":"2025-09-02T18:57:04+00:00","og_image":[{"url":"https:\/\/course.yourrootsinpoland.com\/wp-content\/uploads\/2025\/04\/yrip-logo_black-e1736848454952.png","type":"","width":"","height":""}],"twitter_card":"summary_large_image","schema":{"@context":"https:\/\/schema.org","@graph":[{"@type":"WebPage","@id":"https:\/\/course.yourrootsinpoland.com\/my-account\/","url":"https:\/\/course.yourrootsinpoland.com\/my-account\/","name":"Moje konto - Kurs Karta Polaka","isPartOf":{"@id":"https:\/\/course.yourrootsinpoland.com\/#website"},"primaryImageOfPage":{"@id":"https:\/\/course.yourrootsinpoland.com\/my-account\/#primaryimage"},"image":{"@id":"https:\/\/course.yourrootsinpoland.com\/my-account\/#primaryimage"},"thumbnailUrl":"https:\/\/course.yourrootsinpoland.com\/wp-content\/uploads\/2025\/04\/yrip-logo_black-e1736848454952.png","datePublished":"2025-06-11T13:09:20+00:00","dateModified":"2025-09-02T18:57:04+00:00","breadcrumb":{"@id":"https:\/\/course.yourrootsinpoland.com\/my-account\/#breadcrumb"},"inLanguage":"ru-RU","potentialAction":[{"@type":"ReadAction","target":["https:\/\/course.yourrootsinpoland.com\/my-account\/"]}]},{"@type":"ImageObject","inLanguage":"ru-RU","@id":"https:\/\/course.yourrootsinpoland.com\/my-account\/#primaryimage","url":"https:\/\/course.yourrootsinpoland.com\/wp-content\/uploads\/2025\/04\/yrip-logo_black-e1736848454952.png","contentUrl":"https:\/\/course.yourrootsinpoland.com\/wp-content\/uploads\/2025\/04\/yrip-logo_black-e1736848454952.png"},{"@type":"BreadcrumbList","@id":"https:\/\/course.yourrootsinpoland.com\/my-account\/#breadcrumb","itemListElement":[{"@type":"ListItem","position":1,"name":"Strona g\u0142\u00f3wna","item":"https:\/\/course.yourrootsinpoland.com\/en\/zaloguj-sie\/"},{"@type":"ListItem","position":2,"name":"Moje konto"}]},{"@type":"WebSite","@id":"https:\/\/course.yourrootsinpoland.com\/#website","url":"https:\/\/course.yourrootsinpoland.com\/","name":"\u041a\u0443\u0440\u0441 \u041a\u0430\u0440\u0442\u0430 \u041f\u043e\u043b\u044f\u043a\u0430","description":"","publisher":{"@id":"https:\/\/course.yourrootsinpoland.com\/#organization"},"potentialAction":[{"@type":"SearchAction","target":{"@type":"EntryPoint","urlTemplate":"https:\/\/course.yourrootsinpoland.com\/?s={search_term_string}"},"query-input":{"@type":"PropertyValueSpecification","valueRequired":true,"valueName":"search_term_string"}}],"inLanguage":"ru-RU"},{"@type":"Organization","@id":"https:\/\/course.yourrootsinpoland.com\/#organization","name":"\u041a\u0443\u0440\u0441 \u041a\u0430\u0440\u0442\u0430 \u041f\u043e\u043b\u044f\u043a\u0430","url":"https:\/\/course.yourrootsinpoland.com\/","logo":{"@type":"ImageObject","inLanguage":"ru-RU","@id":"https:\/\/course.yourrootsinpoland.com\/#\/schema\/logo\/image\/","url":"https:\/\/course.yourrootsinpoland.com\/wp-content\/uploads\/2025\/04\/cropped-yrip-logo_black-e1736848454952.png","contentUrl":"https:\/\/course.yourrootsinpoland.com\/wp-content\/uploads\/2025\/04\/cropped-yrip-logo_black-e1736848454952.png","width":443,"height":177,"caption":"Kurs Karta Polaka"},"image":{"@id":"https:\/\/course.yourrootsinpoland.com\/#\/schema\/logo\/image\/"}}]}},"_links":{"self":[{"href":"https:\/\/course.yourrootsinpoland.com\/ru\/wp-json\/wp\/v2\/pages\/1732","targetHints":{"allow":["GET"]}}],"collection":[{"href":"https:\/\/course.yourrootsinpoland.com\/ru\/wp-json\/wp\/v2\/pages"}],"about":[{"href":"https:\/\/course.yourrootsinpoland.com\/ru\/wp-json\/wp\/v2\/types\/page"}],"author":[{"embeddable":true,"href":"https:\/\/course.yourrootsinpoland.com\/ru\/wp-json\/wp\/v2\/users\/1"}],"replies":[{"embeddable":true,"href":"https:\/\/course.yourrootsinpoland.com\/ru\/wp-json\/wp\/v2\/comments?post=1732"}],"version-history":[{"count":25,"href":"https:\/\/course.yourrootsinpoland.com\/ru\/wp-json\/wp\/v2\/pages\/1732\/revisions"}],"predecessor-version":[{"id":3845,"href":"https:\/\/course.yourrootsinpoland.com\/ru\/wp-json\/wp\/v2\/pages\/1732\/revisions\/3845"}],"wp:attachment":[{"href":"https:\/\/course.yourrootsinpoland.com\/ru\/wp-json\/wp\/v2\/media?parent=1732"}],"curies":[{"name":"wp","href":"https:\/\/api.w.org\/{rel}","templated":true}]}}