{"id":265,"date":"2025-05-23T07:38:29","date_gmt":"2025-05-23T11:38:29","guid":{"rendered":"https:\/\/course.yourrootsinpoland.com\/?page_id=265"},"modified":"2025-08-21T04:40:15","modified_gmt":"2025-08-21T08:40:15","slug":"pomoc-techniczna","status":"publish","type":"page","link":"https:\/\/course.yourrootsinpoland.com\/uk\/pomoc-techniczna\/","title":{"rendered":"Helpdesk"},"content":{"rendered":"<div data-elementor-type=\"wp-page\" data-elementor-id=\"265\" class=\"elementor elementor-265\" data-elementor-post-type=\"page\">\n\t\t\t\t<div class=\"elementor-element elementor-element-9f863d1 e-flex e-con-boxed e-con e-parent\" data-id=\"9f863d1\" data-element_type=\"container\">\n\t\t\t\t\t<div class=\"e-con-inner\">\n\t\t<div class=\"elementor-element elementor-element-469c122 e-con-full e-flex e-con e-child\" data-id=\"469c122\" data-element_type=\"container\">\n\t\t\t\t<div class=\"elementor-element elementor-element-b4a027c elementor-widget elementor-widget-heading\" data-id=\"b4a027c\" data-element_type=\"widget\" data-widget_type=\"heading.default\">\n\t\t\t\t<div class=\"elementor-widget-container\">\n\t\t\t\t\t<h2 class=\"elementor-heading-title elementor-size-default\">\u041f\u043e\u0442\u0440\u0456\u0431\u043d\u0430 \u0434\u043e\u043f\u043e\u043c\u043e\u0433\u0430? \u041d\u0430\u043f\u0438\u0448\u0456\u0442\u044c \u043d\u0430\u043c!<\/h2>\t\t\t\t<\/div>\n\t\t\t\t<\/div>\n\t\t\t\t<div class=\"elementor-element elementor-element-8398046 elementor-button-align-end elementor-widget__width-initial form elementor-widget elementor-widget-form\" data-id=\"8398046\" data-element_type=\"widget\" data-settings=\"{&quot;step_next_label&quot;:&quot;Next&quot;,&quot;step_previous_label&quot;:&quot;Previous&quot;,&quot;button_width&quot;:&quot;100&quot;,&quot;step_type&quot;:&quot;number_text&quot;,&quot;step_icon_shape&quot;:&quot;circle&quot;}\" data-widget_type=\"form.default\">\n\t\t\t\t<div class=\"elementor-widget-container\">\n\t\t\t\t\t\t\t<form class=\"elementor-form\" method=\"post\" name=\"New Form\" aria-label=\"\u041d\u043e\u0432\u0430 \u0444\u043e\u0440\u043c\u0430\" action=\"\">\n\t\t\t<input type=\"hidden\" name=\"post_id\" value=\"265\"\/>\n\t\t\t<input type=\"hidden\" name=\"form_id\" value=\"8398046\"\/>\n\t\t\t<input type=\"hidden\" name=\"referer_title\" value=\"Helpdesk - Kurs Karta Polaka\" \/>\n\n\t\t\t\t\t\t\t<input type=\"hidden\" name=\"queried_id\" value=\"265\"\/>\n\t\t\t\n\t\t\t<div class=\"elementor-form-fields-wrapper elementor-labels-above\">\n\t\t\t\t\t\t\t\t<div class=\"elementor-field-type-text elementor-field-group elementor-column elementor-field-group-name elementor-col-100\">\n\t\t\t\t\t\t\t\t\t\t\t\t<label for=\"form-field-name\" class=\"elementor-field-label\">\n\t\t\t\t\t\t\t\t\u0406\u043c'\u044f\t\t\t\t\t\t\t<\/label>\n\t\t\t\t\t\t\t\t\t\t\t\t\t\t<input size=\"1\" type=\"text\" name=\"form_fields[name]\" id=\"form-field-name\" class=\"elementor-field elementor-size-sm  elementor-field-textual\">\n\t\t\t\t\t\t\t\t\t\t\t<\/div>\n\t\t\t\t\t\t\t\t<div class=\"elementor-field-type-email elementor-field-group elementor-column elementor-field-group-email elementor-col-100 elementor-field-required\">\n\t\t\t\t\t\t\t\t\t\t\t\t<label for=\"form-field-email\" class=\"elementor-field-label\">\n\t\t\t\t\t\t\t\t\u0415\u043b\u0435\u043a\u0442\u0440\u043e\u043d\u043d\u0430 \u043f\u043e\u0448\u0442\u0430\t\t\t\t\t\t\t<\/label>\n\t\t\t\t\t\t\t\t\t\t\t\t\t\t<input size=\"1\" type=\"email\" name=\"form_fields[email]\" id=\"form-field-email\" class=\"elementor-field elementor-size-sm  elementor-field-textual\" required=\"required\">\n\t\t\t\t\t\t\t\t\t\t\t<\/div>\n\t\t\t\t\t\t\t\t<div class=\"elementor-field-type-textarea elementor-field-group elementor-column elementor-field-group-message elementor-col-100\">\n\t\t\t\t\t\t\t\t\t\t\t\t<label for=\"form-field-message\" class=\"elementor-field-label\">\n\t\t\t\t\t\t\t\t\u041f\u043e\u0432\u0456\u0434\u043e\u043c\u043b\u0435\u043d\u043d\u044f\t\t\t\t\t\t\t<\/label>\n\t\t\t\t\t\t<textarea class=\"elementor-field-textual elementor-field  elementor-size-sm\" name=\"form_fields[message]\" id=\"form-field-message\" rows=\"4\"><\/textarea>\t\t\t\t<\/div>\n\t\t\t\t\t\t\t\t<div class=\"elementor-field-type-acceptance elementor-field-group elementor-column elementor-field-group-field_155de4b elementor-col-100 elementor-field-required\">\n\t\t\t\t\t\t\t<div class=\"elementor-field-subgroup\">\n\t\t\t<span class=\"elementor-field-option\">\n\t\t\t\t<input type=\"checkbox\" name=\"form_fields[field_155de4b]\" id=\"form-field-field_155de4b\" class=\"elementor-field elementor-size-sm  elementor-acceptance-field\" required=\"required\">\n\t\t\t\t<label for=\"form-field-field_155de4b\">O\u015bwiadczam, \u017ce zapozna\u0142em si\u0119 z <a href=\"https:\/\/course.yourrootsinpoland.com\/uk\/pomoc-techniczna\/\">polityk\u0105 prywatno\u015bci<\/a> i wyra\u017cam zgod\u0119 na na przetwarzanie swoich danych osobowych przez firm\u0119 Your Roots in Poland w celach kontaktowych (zgodnie z ustaw\u0105 z dn. 29 sierpnia 1997r. o ochronie danych osobowych - Dz.U. z 2002r. nr 101, poz.926 z p\u00f3\u017an.zm.). Zapewniamy, \u017ce Pa\u0144stwa dane nie b\u0119d\u0105 udost\u0119pniane innym podmiotom.<\/label>\t\t\t<\/span>\n\t\t<\/div>\n\t\t\t\t\t\t<\/div>\n\t\t\t\t\t\t\t\t<div class=\"elementor-field-type-recaptcha_v3 elementor-field-group elementor-column elementor-field-group-field_201d229 elementor-col-100 recaptcha_v3-bottomright\">\n\t\t\t\t\t<div class=\"elementor-field\" id=\"form-field-field_201d229\"><div class=\"elementor-g-recaptcha\" data-sitekey=\"6Lf6RqQrAAAAAJaN3BqLYuITZq-YTBN4m6Pe0T9a\" data-type=\"v3\" data-action=\"Form\" data-badge=\"bottomright\" data-size=\"invisible\"><\/div><\/div>\t\t\t\t<\/div>\n\t\t\t\t\t\t\t\t<div class=\"elementor-field-group elementor-column elementor-field-type-submit elementor-col-100 e-form__buttons\">\n\t\t\t\t\t<button class=\"elementor-button elementor-size-sm\" type=\"submit\">\n\t\t\t\t\t\t<span class=\"elementor-button-content-wrapper\">\n\t\t\t\t\t\t\t\t\t\t\t\t\t\t\t\t\t\t\t\t\t\t<span class=\"elementor-button-text\">\u041d\u0430\u0434\u0456\u0441\u043b\u0430\u0442\u0438<\/span>\n\t\t\t\t\t\t\t\t\t\t\t\t\t<\/span>\n\t\t\t\t\t<\/button>\n\t\t\t\t<\/div>\n\t\t\t<\/div>\n\t\t<input type=\"hidden\" name=\"trp-form-language\" value=\"uk\"\/><\/form>\n\t\t\t\t\t\t<\/div>\n\t\t\t\t<\/div>\n\t\t\t\t<\/div>\n\t\t<div class=\"elementor-element elementor-element-9777d67 e-con-full e-flex e-con e-child\" data-id=\"9777d67\" data-element_type=\"container\">\n\t\t\t\t<div class=\"elementor-element elementor-element-f91c057 elementor-widget elementor-widget-image\" data-id=\"f91c057\" data-element_type=\"widget\" data-widget_type=\"image.default\">\n\t\t\t\t<div class=\"elementor-widget-container\">\n\t\t\t\t\t\t\t\t\t\t\t\t\t\t\t<img fetchpriority=\"high\" decoding=\"async\" width=\"683\" height=\"1024\" src=\"https:\/\/course.yourrootsinpoland.com\/wp-content\/uploads\/2025\/08\/MG_3140-683x1024.jpg\" class=\"attachment-large size-large wp-image-3675\" alt=\"\" srcset=\"https:\/\/course.yourrootsinpoland.com\/wp-content\/uploads\/2025\/08\/MG_3140-683x1024.jpg 683w, https:\/\/course.yourrootsinpoland.com\/wp-content\/uploads\/2025\/08\/MG_3140-200x300.jpg 200w, https:\/\/course.yourrootsinpoland.com\/wp-content\/uploads\/2025\/08\/MG_3140-8x12.jpg 8w, https:\/\/course.yourrootsinpoland.com\/wp-content\/uploads\/2025\/08\/MG_3140-600x900.jpg 600w, https:\/\/course.yourrootsinpoland.com\/wp-content\/uploads\/2025\/08\/MG_3140.jpg 749w\" sizes=\"(max-width: 683px) 100vw, 683px\" \/>\t\t\t\t\t\t\t\t\t\t\t\t\t\t\t<\/div>\n\t\t\t\t<\/div>\n\t\t\t\t<\/div>\n\t\t\t\t\t<\/div>\n\t\t\t\t<\/div>\n\t\t\t\t<\/div>","protected":false},"excerpt":{"rendered":"<p>\u041f\u043e\u0442\u0440\u0456\u0431\u043d\u0430 \u0434\u043e\u043f\u043e\u043c\u043e\u0433\u0430? \u041d\u0430\u043f\u0438\u0448\u0456\u0442\u044c \u043d\u0430\u043c!<\/p>","protected":false},"author":1,"featured_media":0,"parent":0,"menu_order":0,"comment_status":"closed","ping_status":"closed","template":"","meta":{"_acf_changed":false,"_kad_post_transparent":"","_kad_post_title":"hide","_kad_post_layout":"fullwidth","_kad_post_sidebar_id":"","_kad_post_content_style":"unboxed","_kad_post_vertical_padding":"hide","_kad_post_feature":"hide","_kad_post_feature_position":"","_kad_post_header":false,"_kad_post_footer":false,"footnotes":""},"class_list":["post-265","page","type-page","status-publish","hentry"],"acf":[],"yoast_head":"<!-- This site is optimized with the Yoast SEO plugin v26.6 - https:\/\/yoast.com\/wordpress\/plugins\/seo\/ -->\n<title>Helpdesk - Kurs Karta Polaka<\/title>\n<meta name=\"robots\" content=\"index, follow, max-snippet:-1, max-image-preview:large, max-video-preview:-1\" \/>\n<link rel=\"canonical\" href=\"https:\/\/course.yourrootsinpoland.com\/uk\/pomoc-techniczna\/\" \/>\n<meta property=\"og:locale\" content=\"uk_UA\" \/>\n<meta property=\"og:type\" content=\"article\" \/>\n<meta property=\"og:title\" content=\"Helpdesk - Kurs Karta Polaka\" \/>\n<meta property=\"og:description\" content=\"Potrzebujesz pomocy? Napisz do nas!\" \/>\n<meta property=\"og:url\" content=\"https:\/\/course.yourrootsinpoland.com\/uk\/pomoc-techniczna\/\" \/>\n<meta property=\"og:site_name\" content=\"Kurs Karta Polaka\" \/>\n<meta property=\"article:modified_time\" content=\"2025-08-21T08:40:15+00:00\" \/>\n<meta property=\"og:image\" content=\"https:\/\/course.yourrootsinpoland.com\/wp-content\/uploads\/2025\/08\/MG_3140-683x1024.jpg\" \/>\n<meta name=\"twitter:card\" content=\"summary_large_image\" \/>\n<script type=\"application\/ld+json\" class=\"yoast-schema-graph\">{\"@context\":\"https:\/\/schema.org\",\"@graph\":[{\"@type\":\"WebPage\",\"@id\":\"https:\/\/course.yourrootsinpoland.com\/en\/pomoc-techniczna\/\",\"url\":\"https:\/\/course.yourrootsinpoland.com\/en\/pomoc-techniczna\/\",\"name\":\"Helpdesk - Kurs Karta Polaka\",\"isPartOf\":{\"@id\":\"https:\/\/course.yourrootsinpoland.com\/#website\"},\"primaryImageOfPage\":{\"@id\":\"https:\/\/course.yourrootsinpoland.com\/en\/pomoc-techniczna\/#primaryimage\"},\"image\":{\"@id\":\"https:\/\/course.yourrootsinpoland.com\/en\/pomoc-techniczna\/#primaryimage\"},\"thumbnailUrl\":\"https:\/\/course.yourrootsinpoland.com\/wp-content\/uploads\/2025\/08\/MG_3140-683x1024.jpg\",\"datePublished\":\"2025-05-23T11:38:29+00:00\",\"dateModified\":\"2025-08-21T08:40:15+00:00\",\"breadcrumb\":{\"@id\":\"https:\/\/course.yourrootsinpoland.com\/en\/pomoc-techniczna\/#breadcrumb\"},\"inLanguage\":\"uk\",\"potentialAction\":[{\"@type\":\"ReadAction\",\"target\":[\"https:\/\/course.yourrootsinpoland.com\/en\/pomoc-techniczna\/\"]}]},{\"@type\":\"ImageObject\",\"inLanguage\":\"uk\",\"@id\":\"https:\/\/course.yourrootsinpoland.com\/en\/pomoc-techniczna\/#primaryimage\",\"url\":\"https:\/\/course.yourrootsinpoland.com\/wp-content\/uploads\/2025\/08\/MG_3140-683x1024.jpg\",\"contentUrl\":\"https:\/\/course.yourrootsinpoland.com\/wp-content\/uploads\/2025\/08\/MG_3140-683x1024.jpg\"},{\"@type\":\"BreadcrumbList\",\"@id\":\"https:\/\/course.yourrootsinpoland.com\/en\/pomoc-techniczna\/#breadcrumb\",\"itemListElement\":[{\"@type\":\"ListItem\",\"position\":1,\"name\":\"Strona g\u0142\u00f3wna\",\"item\":\"https:\/\/course.yourrootsinpoland.com\/en\/zaloguj-sie\/\"},{\"@type\":\"ListItem\",\"position\":2,\"name\":\"Helpdesk\"}]},{\"@type\":\"WebSite\",\"@id\":\"https:\/\/course.yourrootsinpoland.com\/#website\",\"url\":\"https:\/\/course.yourrootsinpoland.com\/\",\"name\":\"Kurs Karta Polaka\",\"description\":\"\",\"publisher\":{\"@id\":\"https:\/\/course.yourrootsinpoland.com\/#organization\"},\"potentialAction\":[{\"@type\":\"SearchAction\",\"target\":{\"@type\":\"EntryPoint\",\"urlTemplate\":\"https:\/\/course.yourrootsinpoland.com\/?s={search_term_string}\"},\"query-input\":{\"@type\":\"PropertyValueSpecification\",\"valueRequired\":true,\"valueName\":\"search_term_string\"}}],\"inLanguage\":\"uk\"},{\"@type\":\"Organization\",\"@id\":\"https:\/\/course.yourrootsinpoland.com\/#organization\",\"name\":\"Kurs Karta Polaka\",\"url\":\"https:\/\/course.yourrootsinpoland.com\/\",\"logo\":{\"@type\":\"ImageObject\",\"inLanguage\":\"uk\",\"@id\":\"https:\/\/course.yourrootsinpoland.com\/#\/schema\/logo\/image\/\",\"url\":\"https:\/\/course.yourrootsinpoland.com\/wp-content\/uploads\/2025\/04\/cropped-yrip-logo_black-e1736848454952.png\",\"contentUrl\":\"https:\/\/course.yourrootsinpoland.com\/wp-content\/uploads\/2025\/04\/cropped-yrip-logo_black-e1736848454952.png\",\"width\":443,\"height\":177,\"caption\":\"Kurs Karta Polaka\"},\"image\":{\"@id\":\"https:\/\/course.yourrootsinpoland.com\/#\/schema\/logo\/image\/\"}}]}<\/script>\n<!-- \/ Yoast SEO plugin. -->","yoast_head_json":{"title":"Helpdesk - Kurs Karta Polaka","robots":{"index":"index","follow":"follow","max-snippet":"max-snippet:-1","max-image-preview":"max-image-preview:large","max-video-preview":"max-video-preview:-1"},"canonical":"https:\/\/course.yourrootsinpoland.com\/uk\/pomoc-techniczna\/","og_locale":"uk_UA","og_type":"article","og_title":"Helpdesk - Kurs Karta Polaka","og_description":"Potrzebujesz pomocy? Napisz do nas!","og_url":"https:\/\/course.yourrootsinpoland.com\/uk\/pomoc-techniczna\/","og_site_name":"Kurs Karta Polaka","article_modified_time":"2025-08-21T08:40:15+00:00","og_image":[{"url":"https:\/\/course.yourrootsinpoland.com\/wp-content\/uploads\/2025\/08\/MG_3140-683x1024.jpg","type":"","width":"","height":""}],"twitter_card":"summary_large_image","schema":{"@context":"https:\/\/schema.org","@graph":[{"@type":"WebPage","@id":"https:\/\/course.yourrootsinpoland.com\/en\/pomoc-techniczna\/","url":"https:\/\/course.yourrootsinpoland.com\/en\/pomoc-techniczna\/","name":"Helpdesk - Kurs Karta Polaka","isPartOf":{"@id":"https:\/\/course.yourrootsinpoland.com\/#website"},"primaryImageOfPage":{"@id":"https:\/\/course.yourrootsinpoland.com\/en\/pomoc-techniczna\/#primaryimage"},"image":{"@id":"https:\/\/course.yourrootsinpoland.com\/en\/pomoc-techniczna\/#primaryimage"},"thumbnailUrl":"https:\/\/course.yourrootsinpoland.com\/wp-content\/uploads\/2025\/08\/MG_3140-683x1024.jpg","datePublished":"2025-05-23T11:38:29+00:00","dateModified":"2025-08-21T08:40:15+00:00","breadcrumb":{"@id":"https:\/\/course.yourrootsinpoland.com\/en\/pomoc-techniczna\/#breadcrumb"},"inLanguage":"uk","potentialAction":[{"@type":"ReadAction","target":["https:\/\/course.yourrootsinpoland.com\/en\/pomoc-techniczna\/"]}]},{"@type":"ImageObject","inLanguage":"uk","@id":"https:\/\/course.yourrootsinpoland.com\/en\/pomoc-techniczna\/#primaryimage","url":"https:\/\/course.yourrootsinpoland.com\/wp-content\/uploads\/2025\/08\/MG_3140-683x1024.jpg","contentUrl":"https:\/\/course.yourrootsinpoland.com\/wp-content\/uploads\/2025\/08\/MG_3140-683x1024.jpg"},{"@type":"BreadcrumbList","@id":"https:\/\/course.yourrootsinpoland.com\/en\/pomoc-techniczna\/#breadcrumb","itemListElement":[{"@type":"ListItem","position":1,"name":"Strona g\u0142\u00f3wna","item":"https:\/\/course.yourrootsinpoland.com\/en\/zaloguj-sie\/"},{"@type":"ListItem","position":2,"name":"Helpdesk"}]},{"@type":"WebSite","@id":"https:\/\/course.yourrootsinpoland.com\/#website","url":"https:\/\/course.yourrootsinpoland.com\/","name":"\u041a\u0443\u0440\u0441 \u041a\u0430\u0440\u0442\u0430 \u041f\u043e\u043b\u044f\u043a\u0430","description":"","publisher":{"@id":"https:\/\/course.yourrootsinpoland.com\/#organization"},"potentialAction":[{"@type":"SearchAction","target":{"@type":"EntryPoint","urlTemplate":"https:\/\/course.yourrootsinpoland.com\/?s={search_term_string}"},"query-input":{"@type":"PropertyValueSpecification","valueRequired":true,"valueName":"search_term_string"}}],"inLanguage":"uk"},{"@type":"Organization","@id":"https:\/\/course.yourrootsinpoland.com\/#organization","name":"\u041a\u0443\u0440\u0441 \u041a\u0430\u0440\u0442\u0430 \u041f\u043e\u043b\u044f\u043a\u0430","url":"https:\/\/course.yourrootsinpoland.com\/","logo":{"@type":"ImageObject","inLanguage":"uk","@id":"https:\/\/course.yourrootsinpoland.com\/#\/schema\/logo\/image\/","url":"https:\/\/course.yourrootsinpoland.com\/wp-content\/uploads\/2025\/04\/cropped-yrip-logo_black-e1736848454952.png","contentUrl":"https:\/\/course.yourrootsinpoland.com\/wp-content\/uploads\/2025\/04\/cropped-yrip-logo_black-e1736848454952.png","width":443,"height":177,"caption":"Kurs Karta Polaka"},"image":{"@id":"https:\/\/course.yourrootsinpoland.com\/#\/schema\/logo\/image\/"}}]}},"_links":{"self":[{"href":"https:\/\/course.yourrootsinpoland.com\/uk\/wp-json\/wp\/v2\/pages\/265","targetHints":{"allow":["GET"]}}],"collection":[{"href":"https:\/\/course.yourrootsinpoland.com\/uk\/wp-json\/wp\/v2\/pages"}],"about":[{"href":"https:\/\/course.yourrootsinpoland.com\/uk\/wp-json\/wp\/v2\/types\/page"}],"author":[{"embeddable":true,"href":"https:\/\/course.yourrootsinpoland.com\/uk\/wp-json\/wp\/v2\/users\/1"}],"replies":[{"embeddable":true,"href":"https:\/\/course.yourrootsinpoland.com\/uk\/wp-json\/wp\/v2\/comments?post=265"}],"version-history":[{"count":50,"href":"https:\/\/course.yourrootsinpoland.com\/uk\/wp-json\/wp\/v2\/pages\/265\/revisions"}],"predecessor-version":[{"id":3832,"href":"https:\/\/course.yourrootsinpoland.com\/uk\/wp-json\/wp\/v2\/pages\/265\/revisions\/3832"}],"wp:attachment":[{"href":"https:\/\/course.yourrootsinpoland.com\/uk\/wp-json\/wp\/v2\/media?parent=265"}],"curies":[{"name":"wp","href":"https:\/\/api.w.org\/{rel}","templated":true}]}}